{"id":9694,"date":"2021-11-15T10:03:48","date_gmt":"2021-11-15T13:03:48","guid":{"rendered":"https:\/\/roma.com.uy\/producto\/cortinas-cortafuego\/"},"modified":"2021-11-24T12:19:09","modified_gmt":"2021-11-24T15:19:09","slug":"cortinas-cortafuego","status":"publish","type":"product","link":"https:\/\/roma.com.uy\/en\/producto\/cortinas-cortafuego\/","title":{"rendered":"Fireshutters"},"content":{"rendered":"","protected":false},"excerpt":{"rendered":"<p>Las cortinas cortafuego permiten la compartimentaci\u00f3n de grandes \u00e1reas evitando la propagaci\u00f3n del fuego. Existen diferentes tipos de\u00a0cortinas cortafuego seg\u00fan\u00a0el&hellip;<\/p>\n","protected":false},"featured_media":9693,"template":"","meta":[],"product_brand":[],"product_cat":[254],"product_tag":[],"class_list":{"0":"post-9694","1":"product","2":"type-product","3":"status-publish","4":"has-post-thumbnail","6":"product_cat-fire-shutters","8":"first","9":"instock","10":"featured","11":"shipping-taxable","12":"product-type-simple","13":"thumb-no-effect","14":"prod-rating-off"},"aioseo_notices":[],"_links":{"self":[{"href":"https:\/\/roma.com.uy\/en\/wp-json\/wp\/v2\/product\/9694","targetHints":{"allow":["GET"]}}],"collection":[{"href":"https:\/\/roma.com.uy\/en\/wp-json\/wp\/v2\/product"}],"about":[{"href":"https:\/\/roma.com.uy\/en\/wp-json\/wp\/v2\/types\/product"}],"wp:featuredmedia":[{"embeddable":true,"href":"https:\/\/roma.com.uy\/en\/wp-json\/wp\/v2\/media\/9693"}],"wp:attachment":[{"href":"https:\/\/roma.com.uy\/en\/wp-json\/wp\/v2\/media?parent=9694"}],"wp:term":[{"taxonomy":"product_brand","embeddable":true,"href":"https:\/\/roma.com.uy\/en\/wp-json\/wp\/v2\/product_brand?post=9694"},{"taxonomy":"product_cat","embeddable":true,"href":"https:\/\/roma.com.uy\/en\/wp-json\/wp\/v2\/product_cat?post=9694"},{"taxonomy":"product_tag","embeddable":true,"href":"https:\/\/roma.com.uy\/en\/wp-json\/wp\/v2\/product_tag?post=9694"}],"curies":[{"name":"wp","href":"https:\/\/api.w.org\/{rel}","templated":true}]}}