{"id":9550,"date":"2021-07-08T11:23:42","date_gmt":"2021-07-08T14:23:42","guid":{"rendered":"https:\/\/roma.com.uy\/producto\/esterilizador-de-pasamanos-de-escaleras-mecanicas\/"},"modified":"2021-07-08T11:23:42","modified_gmt":"2021-07-08T14:23:42","slug":"esterilizador-de-pasamanos-de-escaleras-mecanicas","status":"publish","type":"product","link":"https:\/\/roma.com.uy\/en\/producto\/esterilizador-de-pasamanos-de-escaleras-mecanicas\/","title":{"rendered":"Esterilizador de pasamanos de escaleras mec\u00e1nicas"},"content":{"rendered":"<p><a href=\"https:\/\/www.roma.com.uy\/wp-content\/uploads\/2020\/07\/pasamanos.png\"><img loading=\"lazy\" decoding=\"async\" class=\"alignnone wp-image-8390\" src=\"https:\/\/www.roma.com.uy\/wp-content\/uploads\/2020\/07\/pasamanos.png\" alt=\"\" width=\"490\" height=\"368\" \/><\/a><\/p>\n","protected":false},"excerpt":{"rendered":"<p>Esterilizaci\u00f3n continua de los pasamanos de las escaleras electromec\u00e1nicas Permite la esterilizaci\u00f3n hasta el 99.9% de los virus y bacterias&hellip;<\/p>\n","protected":false},"featured_media":9551,"template":"","meta":[],"product_brand":[],"product_cat":[183],"product_tag":[],"class_list":{"0":"post-9550","1":"product","2":"type-product","3":"status-publish","4":"has-post-thumbnail","6":"product_cat-surface-desinfection-systems","8":"first","9":"instock","10":"product-type-simple","11":"thumb-no-effect","12":"prod-rating-off"},"aioseo_notices":[],"_links":{"self":[{"href":"https:\/\/roma.com.uy\/en\/wp-json\/wp\/v2\/product\/9550","targetHints":{"allow":["GET"]}}],"collection":[{"href":"https:\/\/roma.com.uy\/en\/wp-json\/wp\/v2\/product"}],"about":[{"href":"https:\/\/roma.com.uy\/en\/wp-json\/wp\/v2\/types\/product"}],"wp:featuredmedia":[{"embeddable":true,"href":"https:\/\/roma.com.uy\/en\/wp-json\/wp\/v2\/media\/9551"}],"wp:attachment":[{"href":"https:\/\/roma.com.uy\/en\/wp-json\/wp\/v2\/media?parent=9550"}],"wp:term":[{"taxonomy":"product_brand","embeddable":true,"href":"https:\/\/roma.com.uy\/en\/wp-json\/wp\/v2\/product_brand?post=9550"},{"taxonomy":"product_cat","embeddable":true,"href":"https:\/\/roma.com.uy\/en\/wp-json\/wp\/v2\/product_cat?post=9550"},{"taxonomy":"product_tag","embeddable":true,"href":"https:\/\/roma.com.uy\/en\/wp-json\/wp\/v2\/product_tag?post=9550"}],"curies":[{"name":"wp","href":"https:\/\/api.w.org\/{rel}","templated":true}]}}