{"id":9547,"date":"2021-07-08T11:22:53","date_gmt":"2021-07-08T14:22:53","guid":{"rendered":"https:\/\/roma.com.uy\/producto\/xdh10tt-am\/"},"modified":"2021-07-08T11:22:53","modified_gmt":"2021-07-08T14:22:53","slug":"xdh10tt-am","status":"publish","type":"product","link":"https:\/\/roma.com.uy\/en\/producto\/xdh10tt-am\/","title":{"rendered":"XDH10TT-AM"},"content":{"rendered":"","protected":false},"excerpt":{"rendered":"<p>Sensor de exterior Cobertura de detecci\u00f3n volum\u00e9trica de 10 m L\u00f3gica de detecci\u00f3n de se\u00f1al triple An\u00e1lisis de estabilizaci\u00f3n Tecnolog\u00eda&hellip;<\/p>\n","protected":false},"featured_media":9548,"template":"","meta":[],"product_brand":[],"product_cat":[187,188],"product_tag":[],"class_list":{"0":"post-9547","1":"product","2":"type-product","3":"status-publish","4":"has-post-thumbnail","6":"product_cat-alarm-sensors","7":"product_cat-outdoor-sensors","9":"first","10":"instock","11":"product-type-simple","12":"thumb-no-effect","13":"prod-rating-off"},"aioseo_notices":[],"_links":{"self":[{"href":"https:\/\/roma.com.uy\/en\/wp-json\/wp\/v2\/product\/9547","targetHints":{"allow":["GET"]}}],"collection":[{"href":"https:\/\/roma.com.uy\/en\/wp-json\/wp\/v2\/product"}],"about":[{"href":"https:\/\/roma.com.uy\/en\/wp-json\/wp\/v2\/types\/product"}],"wp:featuredmedia":[{"embeddable":true,"href":"https:\/\/roma.com.uy\/en\/wp-json\/wp\/v2\/media\/9548"}],"wp:attachment":[{"href":"https:\/\/roma.com.uy\/en\/wp-json\/wp\/v2\/media?parent=9547"}],"wp:term":[{"taxonomy":"product_brand","embeddable":true,"href":"https:\/\/roma.com.uy\/en\/wp-json\/wp\/v2\/product_brand?post=9547"},{"taxonomy":"product_cat","embeddable":true,"href":"https:\/\/roma.com.uy\/en\/wp-json\/wp\/v2\/product_cat?post=9547"},{"taxonomy":"product_tag","embeddable":true,"href":"https:\/\/roma.com.uy\/en\/wp-json\/wp\/v2\/product_tag?post=9547"}],"curies":[{"name":"wp","href":"https:\/\/api.w.org\/{rel}","templated":true}]}}