{"id":9536,"date":"2021-07-08T11:22:53","date_gmt":"2021-07-08T14:22:53","guid":{"rendered":"https:\/\/roma.com.uy\/producto\/octopus-dq\/"},"modified":"2021-07-08T11:22:53","modified_gmt":"2021-07-08T14:22:53","slug":"octopus-dq","status":"publish","type":"product","link":"https:\/\/roma.com.uy\/en\/producto\/octopus-dq\/","title":{"rendered":"Octopus DQ"},"content":{"rendered":"<h4><strong>Caracter\u00edsticas t\u00e9cnicas<\/strong><\/h4>\n<table width=\"0\">\n<tbody>\n<tr>\n<td width=\"327\">Cobertura volum\u00e9trica: 360\u00b0, 156 zonas, 3 planos<\/td>\n<td width=\"193\">S\u00ed<\/td>\n<\/tr>\n<tr>\n<td width=\"327\">Montaje de techo PIR<\/td>\n<td width=\"193\">S\u00ed<\/td>\n<\/tr>\n<tr>\n<td width=\"327\">Sensor piroel\u00e9ctrico de elemento de cu\u00e1druple conexi\u00f3n<\/td>\n<td width=\"193\">S\u00ed<\/td>\n<\/tr>\n<tr>\n<td width=\"327\">Tecnolog\u00eda de umbral variable independiente (IFT)<\/td>\n<td width=\"193\">S\u00ed<\/td>\n<\/tr>\n<tr>\n<td width=\"327\">Sensibilidad regulable<\/td>\n<td width=\"193\">S\u00ed<\/td>\n<\/tr>\n<tr>\n<td width=\"327\">Compensaci\u00f3n de temperatura autom\u00e1tica<\/td>\n<td width=\"193\">S\u00ed<\/td>\n<\/tr>\n<tr>\n<td width=\"327\">Alcance m\u00e1ximo<\/td>\n<td width=\"193\">12m<\/td>\n<\/tr>\n<tr>\n<td width=\"327\">Respuesta de alarma<\/td>\n<td width=\"193\">2,5 segundos<\/td>\n<\/tr>\n<tr>\n<td width=\"327\">Velocidad de detecci\u00f3n<\/td>\n<td width=\"193\">0,3-3 m\/s<\/td>\n<\/tr>\n<tr>\n<td width=\"327\">Configuraci\u00f3n geom\u00e9trica de lente<\/td>\n<td width=\"193\">3D<\/td>\n<\/tr>\n<\/tbody>\n<\/table>\n<h4><strong>Montaje<\/strong><\/h4>\n<table width=\"0\">\n<tbody>\n<tr>\n<td width=\"327\">Altura \u00f3ptima de instalaci\u00f3n<\/td>\n<td width=\"193\">2,4-4 m<\/td>\n<\/tr>\n<\/tbody>\n<\/table>\n<h4><strong>Alimentaci\u00f3n el\u00e9ctrica<\/strong><\/h4>\n<table width=\"0\">\n<tbody>\n<tr>\n<td width=\"327\">Fuente de alimentaci\u00f3n<\/td>\n<td width=\"193\">9-16 V CC (12 V CC nominal)<\/td>\n<\/tr>\n<tr>\n<td width=\"327\">Tipo de rel\u00e9<\/td>\n<td width=\"193\">De estado s\u00f3lido<\/td>\n<\/tr>\n<tr>\n<td width=\"327\">Salidas de rel\u00e9<\/td>\n<td width=\"193\">60 V CC, 50 mA m\u00e1x.<\/td>\n<\/tr>\n<tr>\n<td width=\"327\">PFI inmunidad de onda continua (CW), onda modulada (AM) y pulso (PM) 80-2700 MHz<\/td>\n<td width=\"193\">10 V\/m<\/td>\n<\/tr>\n<\/tbody>\n<\/table>\n<h4><strong>Certificaciones y garant\u00edas<\/strong><\/h4>\n<table width=\"0\">\n<tbody>\n<tr>\n<td width=\"327\">Conformidad el\u00e9ctrica<\/td>\n<td width=\"193\">CE<\/td>\n<\/tr>\n<tr>\n<td width=\"327\">Clase medioambiental<\/td>\n<td width=\"193\">II<\/td>\n<\/tr>\n<tr>\n<td width=\"327\">Garant\u00eda<\/td>\n<td width=\"193\">5 a\u00f1os<\/td>\n<\/tr>\n<tr>\n<td width=\"327\">Grado de seguridad<\/td>\n<td width=\"193\">Grado 2<\/td>\n<\/tr>\n<\/tbody>\n<\/table>\n","protected":false},"excerpt":{"rendered":"<p>Senosor PIR de zona digital cu\u00e1druple Cobertura de detecci\u00f3n de 12 m Cobertura de 360\u00b0 Pl\u00e1sticos completamente nuevos Protecci\u00f3n antimanipulaci\u00f3n&hellip;<\/p>\n","protected":false},"featured_media":9537,"template":"","meta":[],"product_brand":[],"product_cat":[187,189],"product_tag":[],"class_list":{"0":"post-9536","1":"product","2":"type-product","3":"status-publish","4":"has-post-thumbnail","6":"product_cat-alarm-sensors","7":"product_cat-indoor-sensors","9":"first","10":"instock","11":"product-type-simple","12":"thumb-no-effect","13":"prod-rating-off"},"aioseo_notices":[],"_links":{"self":[{"href":"https:\/\/roma.com.uy\/en\/wp-json\/wp\/v2\/product\/9536","targetHints":{"allow":["GET"]}}],"collection":[{"href":"https:\/\/roma.com.uy\/en\/wp-json\/wp\/v2\/product"}],"about":[{"href":"https:\/\/roma.com.uy\/en\/wp-json\/wp\/v2\/types\/product"}],"wp:featuredmedia":[{"embeddable":true,"href":"https:\/\/roma.com.uy\/en\/wp-json\/wp\/v2\/media\/9537"}],"wp:attachment":[{"href":"https:\/\/roma.com.uy\/en\/wp-json\/wp\/v2\/media?parent=9536"}],"wp:term":[{"taxonomy":"product_brand","embeddable":true,"href":"https:\/\/roma.com.uy\/en\/wp-json\/wp\/v2\/product_brand?post=9536"},{"taxonomy":"product_cat","embeddable":true,"href":"https:\/\/roma.com.uy\/en\/wp-json\/wp\/v2\/product_cat?post=9536"},{"taxonomy":"product_tag","embeddable":true,"href":"https:\/\/roma.com.uy\/en\/wp-json\/wp\/v2\/product_tag?post=9536"}],"curies":[{"name":"wp","href":"https:\/\/api.w.org\/{rel}","templated":true}]}}