{"id":9534,"date":"2021-07-08T11:22:53","date_gmt":"2021-07-08T14:22:53","guid":{"rendered":"https:\/\/roma.com.uy\/producto\/xdh10tt-we\/"},"modified":"2021-07-08T11:22:53","modified_gmt":"2021-07-08T14:22:53","slug":"xdh10tt-we","status":"publish","type":"product","link":"https:\/\/roma.com.uy\/en\/producto\/xdh10tt-we\/","title":{"rendered":"XDH10TT-WE"},"content":{"rendered":"<h4><strong>Caracter\u00edsticas t\u00e9cnicas<\/strong><\/h4>\n<table width=\"0\">\n<tbody>\n<tr>\n<td width=\"351\">Tecnolog\u00eda inal\u00e1mbrica bidireccional<\/td>\n<td width=\"196\">S\u00ed<\/td>\n<\/tr>\n<tr>\n<td width=\"351\">Protecci\u00f3n antimanipulaci\u00f3n<\/td>\n<td width=\"196\">S\u00ed<\/td>\n<\/tr>\n<tr>\n<td width=\"351\">Sensibilidad autom\u00e1tica<\/td>\n<td width=\"196\">No<\/td>\n<\/tr>\n<tr>\n<td width=\"351\">Timbre de prueba de recorrido integrado<\/td>\n<td width=\"196\">S\u00ed<\/td>\n<\/tr>\n<tr>\n<td width=\"351\">3 frecuencias microondas para evitar interferencias<\/td>\n<td width=\"196\">S\u00ed<\/td>\n<\/tr>\n<tr>\n<td width=\"351\">Tecnolog\u00eda de umbral variable independiente (IFT) digital<\/td>\n<td width=\"196\">S\u00ed<\/td>\n<\/tr>\n<tr>\n<td width=\"351\">Carcasa de pl\u00e1stico<\/td>\n<td width=\"196\">Policarbonato<\/td>\n<\/tr>\n<tr>\n<td width=\"351\">Alcance m\u00e1ximo<\/td>\n<td width=\"196\">10 m<\/td>\n<\/tr>\n<tr>\n<td width=\"351\">Cobertura volum\u00e9trica<\/td>\n<td width=\"196\">S\u00ed<\/td>\n<\/tr>\n<tr>\n<td width=\"351\">Inmunidad de animales<\/td>\n<td width=\"196\">10 kg<\/td>\n<\/tr>\n<tr>\n<td width=\"351\">\u00d3ptica<\/td>\n<td width=\"196\">Sellada<\/td>\n<\/tr>\n<\/tbody>\n<\/table>\n<h4><strong>Caracter\u00edsticas de operaci\u00f3n<\/strong><\/h4>\n<table width=\"0\">\n<tbody>\n<tr>\n<td width=\"351\">Temperatura de almacenamiento<\/td>\n<td width=\"196\">-40 \u00b0C\/+80 \u00b0C<\/td>\n<\/tr>\n<tr>\n<td width=\"351\">Temperatura de funcionamiento certificada<\/td>\n<td width=\"196\">-30 \u00b0C\/+70 \u00b0C<\/td>\n<\/tr>\n<tr>\n<td width=\"351\">Dimensiones f\u00edsicas (alto x ancho x profundidad)<\/td>\n<td width=\"196\">180mm x 80mm x 105mm<\/td>\n<\/tr>\n<tr>\n<td width=\"351\">Peso<\/td>\n<td width=\"196\">500g<\/td>\n<\/tr>\n<\/tbody>\n<\/table>\n<h4><strong>Alimentaci\u00f3n el\u00e9ctrica<\/strong><\/h4>\n<table width=\"0\">\n<tbody>\n<tr>\n<td width=\"351\">Tipo de pila<\/td>\n<td width=\"196\">Pila de 3 V de litio (incluida)<\/td>\n<\/tr>\n<\/tbody>\n<\/table>\n<h4><strong>Certificaciones y garant\u00eda<\/strong><\/h4>\n<table width=\"0\">\n<tbody>\n<tr>\n<td width=\"351\">Conformidad el\u00e9ctrica<\/td>\n<td width=\"196\">CE<\/td>\n<\/tr>\n<tr>\n<td width=\"351\">Certificado EN<\/td>\n<td width=\"196\">EN50131<\/td>\n<\/tr>\n<tr>\n<td width=\"351\">Clase medioambiental<\/td>\n<td width=\"196\">lV<\/td>\n<\/tr>\n<tr>\n<td width=\"351\">Garant\u00eda<\/td>\n<td width=\"196\">2 a\u00f1os<\/td>\n<\/tr>\n<tr>\n<td width=\"351\">Grado de seguridad<\/td>\n<td width=\"196\">Grado 2<\/td>\n<\/tr>\n<\/tbody>\n<\/table>\n","protected":false},"excerpt":{"rendered":"<p>Sensor inal\u00e1mbrico bidireccional de exterior Cobertura volum\u00e9trica de detecci\u00f3n de 10 m L\u00f3gica de detecci\u00f3n de se\u00f1al triple 3 bandas&hellip;<\/p>\n","protected":false},"featured_media":9535,"template":"","meta":[],"product_brand":[],"product_cat":[187,188],"product_tag":[],"class_list":{"0":"post-9534","1":"product","2":"type-product","3":"status-publish","4":"has-post-thumbnail","6":"product_cat-alarm-sensors","7":"product_cat-outdoor-sensors","9":"first","10":"instock","11":"product-type-simple","12":"thumb-no-effect","13":"prod-rating-off"},"aioseo_notices":[],"_links":{"self":[{"href":"https:\/\/roma.com.uy\/en\/wp-json\/wp\/v2\/product\/9534","targetHints":{"allow":["GET"]}}],"collection":[{"href":"https:\/\/roma.com.uy\/en\/wp-json\/wp\/v2\/product"}],"about":[{"href":"https:\/\/roma.com.uy\/en\/wp-json\/wp\/v2\/types\/product"}],"wp:featuredmedia":[{"embeddable":true,"href":"https:\/\/roma.com.uy\/en\/wp-json\/wp\/v2\/media\/9535"}],"wp:attachment":[{"href":"https:\/\/roma.com.uy\/en\/wp-json\/wp\/v2\/media?parent=9534"}],"wp:term":[{"taxonomy":"product_brand","embeddable":true,"href":"https:\/\/roma.com.uy\/en\/wp-json\/wp\/v2\/product_brand?post=9534"},{"taxonomy":"product_cat","embeddable":true,"href":"https:\/\/roma.com.uy\/en\/wp-json\/wp\/v2\/product_cat?post=9534"},{"taxonomy":"product_tag","embeddable":true,"href":"https:\/\/roma.com.uy\/en\/wp-json\/wp\/v2\/product_tag?post=9534"}],"curies":[{"name":"wp","href":"https:\/\/api.w.org\/{rel}","templated":true}]}}