{"id":9532,"date":"2021-07-08T11:22:53","date_gmt":"2021-07-08T14:22:53","guid":{"rendered":"https:\/\/roma.com.uy\/producto\/xdl12tt-am\/"},"modified":"2021-07-08T11:22:53","modified_gmt":"2021-07-08T14:22:53","slug":"xdl12tt-am","status":"publish","type":"product","link":"https:\/\/roma.com.uy\/en\/producto\/xdl12tt-am\/","title":{"rendered":"XDL12TT-AM"},"content":{"rendered":"<h4><strong>Caracter\u00edsticas t\u00e9cnicas<\/strong><\/h4>\n<table width=\"0\">\n<tbody>\n<tr>\n<td width=\"351\">Tecnolog\u00eda Blue Wave<\/td>\n<td width=\"224\">S\u00ed<\/td>\n<\/tr>\n<tr>\n<td width=\"351\">Tecnolog\u00eda Digi Logic<\/td>\n<td width=\"224\">L\u00f3gica de detecci\u00f3n triple<\/td>\n<\/tr>\n<tr>\n<td width=\"351\">Sensibilidad autom\u00e1tica<\/td>\n<td width=\"224\">S\u00ed<\/td>\n<\/tr>\n<tr>\n<td width=\"351\">Ajustar sensibilidad<\/td>\n<td width=\"224\">Autom\u00e1tica o alta<\/td>\n<\/tr>\n<tr>\n<td width=\"351\">Compensaci\u00f3n de temperatura digital<\/td>\n<td width=\"224\">S\u00ed<\/td>\n<\/tr>\n<tr>\n<td width=\"351\">Sensor piroel\u00e9ctrico dual<\/td>\n<td width=\"224\">S\u00ed<\/td>\n<\/tr>\n<tr>\n<td width=\"351\">Resistencia DEOL incorporada<\/td>\n<td width=\"224\">Manipulaci\u00f3n, alarma y ocultaci\u00f3n<\/td>\n<\/tr>\n<tr>\n<td width=\"351\">Protecci\u00f3n antimanipulaci\u00f3n<\/td>\n<td width=\"224\">12V CC 50 mA tanto delantera como trasera<\/td>\n<\/tr>\n<tr>\n<td width=\"351\">Timbre de prueba de recorrido integrado<\/td>\n<td width=\"224\">S\u00ed<\/td>\n<\/tr>\n<tr>\n<td width=\"351\">Indicaci\u00f3n led separada<\/td>\n<td width=\"224\">Superior: Microondas, PIR 1 y alarma | Inferior: PIR 2<\/td>\n<\/tr>\n<tr>\n<td width=\"351\">Tecnolog\u00eda de umbral variable independiente (IFT) digital<\/td>\n<td width=\"224\">S\u00ed<\/td>\n<\/tr>\n<tr>\n<td width=\"351\">Compensaci\u00f3n de temperatura est\u00e1ndar<\/td>\n<td width=\"224\">S\u00ed<\/td>\n<\/tr>\n<tr>\n<td width=\"351\">Rango de frecuencia<\/td>\n<td width=\"224\">9.9GHz<\/td>\n<\/tr>\n<tr>\n<td width=\"351\">An\u00e1lisis de estabilizaci\u00f3n<\/td>\n<td width=\"224\">S\u00ed<\/td>\n<\/tr>\n<tr>\n<td width=\"351\">Impermeable<\/td>\n<td width=\"224\">S\u00ed<\/td>\n<\/tr>\n<tr>\n<td width=\"351\">Carcasa<\/td>\n<td width=\"224\">3 mm de policarbonato, 0.4 mm de polietileno en la zona de la lente<\/td>\n<\/tr>\n<tr>\n<td width=\"351\">Alcance m\u00e1ximo<\/td>\n<td width=\"224\">12m<\/td>\n<\/tr>\n<tr>\n<td width=\"351\">Cobertura volum\u00e9trica<\/td>\n<td width=\"224\">Cobertura de 85\u00b0<\/td>\n<\/tr>\n<tr>\n<td width=\"351\">Cobertura de cortina<\/td>\n<td width=\"224\">Cobertura de 17\u00b0<\/td>\n<\/tr>\n<tr>\n<td width=\"351\">Inmunidad de animales<\/td>\n<td width=\"224\">Hasta 35 kg | 1 &#8211; 1.5 m (altura de montaje del detector)<\/td>\n<\/tr>\n<tr>\n<td width=\"351\">Tecnolog\u00eda triple<\/td>\n<td width=\"224\">S\u00ed<\/td>\n<\/tr>\n<tr>\n<td width=\"351\">Velocidad de detecci\u00f3n<\/td>\n<td width=\"224\">0,25 &#8211; 2,5 m\/s<\/td>\n<\/tr>\n<tr>\n<td width=\"351\">Zonas de detecci\u00f3n<\/td>\n<td width=\"224\">22 (11 arriba, 11 abajo)<\/td>\n<\/tr>\n<tr>\n<td width=\"351\">Planos de detecci\u00f3n<\/td>\n<td width=\"224\">2<\/td>\n<\/tr>\n<tr>\n<td width=\"351\">Antienmascaramiento regulable (antiespray)<\/td>\n<td width=\"224\">Triple enmascaramiento de 0-1 m que cubre las 3 tecnolog\u00edas<\/td>\n<\/tr>\n<tr>\n<td width=\"351\">Filtro de luz blanca<\/td>\n<td width=\"224\">S\u00ed<\/td>\n<\/tr>\n<tr>\n<td width=\"351\">Protecci\u00f3n<\/td>\n<td width=\"224\">Tecnolog\u00eda de ocultaci\u00f3n triple | calificaci\u00f3n IP55<\/td>\n<\/tr>\n<tr>\n<td width=\"351\">Lente<\/td>\n<td width=\"224\">Compensaci\u00f3n UV<\/td>\n<\/tr>\n<tr>\n<td width=\"351\">\u00d3ptica<\/td>\n<td width=\"224\">\u00d3ptica sellada de doble visi\u00f3n<\/td>\n<\/tr>\n<tr>\n<td width=\"351\">M\u00e9todo de detecci\u00f3n<\/td>\n<td width=\"224\">L\u00f3gica de detecci\u00f3n de se\u00f1al triple<\/td>\n<\/tr>\n<tr>\n<td width=\"351\">Tecnolog\u00eda antibloqueo<\/td>\n<td width=\"224\">S\u00ed<\/td>\n<\/tr>\n<tr>\n<td width=\"351\">Sensor<\/td>\n<td width=\"224\">Infrarrojo pasivo de doble elemento digital<\/td>\n<\/tr>\n<\/tbody>\n<\/table>\n<h4><strong>Montaje<\/strong><\/h4>\n<table width=\"0\">\n<tbody>\n<tr>\n<td width=\"351\">Montaje en pared<\/td>\n<td width=\"224\">Soporte opcional: | XD-FIXEDBRACKET | XD-WALLBRACKET | XD-45D-ADAPTER<\/td>\n<\/tr>\n<tr>\n<td width=\"351\">Altura \u00f3ptima de cobertura<\/td>\n<td width=\"224\">1,2m<\/td>\n<\/tr>\n<tr>\n<td width=\"351\"><strong><em>Caracter\u00edsticas de operaci\u00f3n<\/em><\/strong><\/td>\n<td width=\"224\"><\/td>\n<\/tr>\n<tr>\n<td width=\"351\">Temperatura de almacenamiento<\/td>\n<td width=\"224\">-40 \u00b0C a +80 \u00b0C<\/td>\n<\/tr>\n<tr>\n<td width=\"351\">Temperatura de funcionamiento certificada<\/td>\n<td width=\"224\">-30 \u00b0C a 70 \u00b0C<\/td>\n<\/tr>\n<tr>\n<td width=\"351\">Dimensiones f\u00edsicas (alto x ancho x profundidad)<\/td>\n<td width=\"224\">188 x 77 x 84 mm (7.4&#8243; x 3&#8243; x 3.4&#8243;)<\/td>\n<\/tr>\n<tr>\n<td width=\"351\">Peso<\/td>\n<td width=\"224\">300g<\/td>\n<\/tr>\n<\/tbody>\n<\/table>\n<h4><strong>Alimentaci\u00f3n t\u00e9cnica<\/strong><\/h4>\n<table width=\"0\">\n<tbody>\n<tr>\n<td width=\"351\">Voltaje de funcionamiento<\/td>\n<td width=\"224\">9-16 V CC, 13.8 V CC normalmente<\/td>\n<\/tr>\n<tr>\n<td width=\"351\">Alimentaci\u00f3n el\u00e9ctrica<\/td>\n<td width=\"224\">Aprox. 24 mA a 13.8 V CC<\/td>\n<\/tr>\n<tr>\n<td width=\"351\">Salidas de rel\u00e9<\/td>\n<td width=\"224\">3 l\u00edmites SELV, 60 V CC aprox. 50 mA (pico 42.4 V CA)<\/td>\n<\/tr>\n<tr>\n<td width=\"351\">Interruptor de seguridad<\/td>\n<td width=\"224\">12 V CC 50 mA, frontal y trasero<\/td>\n<\/tr>\n<tr>\n<td width=\"351\"><strong><em>Certificaciones y garant\u00eda<\/em><\/strong><\/td>\n<td width=\"224\"><\/td>\n<\/tr>\n<tr>\n<td width=\"351\">Conformidad el\u00e9ctrica<\/td>\n<td width=\"224\">CE<\/td>\n<\/tr>\n<tr>\n<td width=\"351\">Tipo de certificaci\u00f3n<\/td>\n<td width=\"224\">Autocertificado<\/td>\n<\/tr>\n<tr>\n<td width=\"351\">Clase medioambiental<\/td>\n<td width=\"224\">IV<\/td>\n<\/tr>\n<tr>\n<td width=\"351\">Garant\u00eda<\/td>\n<td width=\"224\">5 a\u00f1os (excluyendo la lente)<\/td>\n<\/tr>\n<\/tbody>\n<\/table>\n","protected":false},"excerpt":{"rendered":"<p>Sensor de detecci\u00f3n de triple se\u00f1al Cobertura de detecci\u00f3n de 12 m Inmunidad a mascotas de hasta 35 kg de&hellip;<\/p>\n","protected":false},"featured_media":9533,"template":"","meta":[],"product_brand":[],"product_cat":[187,188],"product_tag":[],"class_list":{"0":"post-9532","1":"product","2":"type-product","3":"status-publish","4":"has-post-thumbnail","6":"product_cat-alarm-sensors","7":"product_cat-outdoor-sensors","9":"first","10":"instock","11":"product-type-simple","12":"thumb-no-effect","13":"prod-rating-off"},"aioseo_notices":[],"_links":{"self":[{"href":"https:\/\/roma.com.uy\/en\/wp-json\/wp\/v2\/product\/9532","targetHints":{"allow":["GET"]}}],"collection":[{"href":"https:\/\/roma.com.uy\/en\/wp-json\/wp\/v2\/product"}],"about":[{"href":"https:\/\/roma.com.uy\/en\/wp-json\/wp\/v2\/types\/product"}],"wp:featuredmedia":[{"embeddable":true,"href":"https:\/\/roma.com.uy\/en\/wp-json\/wp\/v2\/media\/9533"}],"wp:attachment":[{"href":"https:\/\/roma.com.uy\/en\/wp-json\/wp\/v2\/media?parent=9532"}],"wp:term":[{"taxonomy":"product_brand","embeddable":true,"href":"https:\/\/roma.com.uy\/en\/wp-json\/wp\/v2\/product_brand?post=9532"},{"taxonomy":"product_cat","embeddable":true,"href":"https:\/\/roma.com.uy\/en\/wp-json\/wp\/v2\/product_cat?post=9532"},{"taxonomy":"product_tag","embeddable":true,"href":"https:\/\/roma.com.uy\/en\/wp-json\/wp\/v2\/product_tag?post=9532"}],"curies":[{"name":"wp","href":"https:\/\/api.w.org\/{rel}","templated":true}]}}