{"id":9492,"date":"2021-07-08T11:22:53","date_gmt":"2021-07-08T14:22:53","guid":{"rendered":"https:\/\/roma.com.uy\/producto\/kx15dd\/"},"modified":"2021-07-08T11:22:53","modified_gmt":"2021-07-08T14:22:53","slug":"kx15dd","status":"publish","type":"product","link":"https:\/\/roma.com.uy\/en\/producto\/kx15dd\/","title":{"rendered":"KX15DD"},"content":{"rendered":"<h4><strong>Caracter\u00edsticas t\u00e9cnicas<\/strong><\/h4>\n<table width=\"0\">\n<tbody>\n<tr>\n<td width=\"351\">Tecnolog\u00eda Blue Wave<\/td>\n<td width=\"224\">S\u00ed<\/td>\n<\/tr>\n<tr>\n<td width=\"351\">Sensibilidad autom\u00e1tica<\/td>\n<td width=\"224\">S\u00ed<\/td>\n<\/tr>\n<tr>\n<td width=\"351\">Ajustar sensibilidad<\/td>\n<td width=\"224\">Auto, alta o baja<\/td>\n<\/tr>\n<tr>\n<td width=\"351\">Resistencia DEOL incorporada<\/td>\n<td width=\"224\">S\u00ed<\/td>\n<\/tr>\n<tr>\n<td width=\"351\">Protecci\u00f3n antimanipulaci\u00f3n<\/td>\n<td width=\"224\">Parte delantera y trasera<\/td>\n<\/tr>\n<tr>\n<td width=\"351\">Alcance m\u00e1ximo<\/td>\n<td width=\"224\">15m<\/td>\n<\/tr>\n<tr>\n<td width=\"351\">Cobertura volum\u00e9trica<\/td>\n<td width=\"224\">S\u00ed<\/td>\n<\/tr>\n<tr>\n<td width=\"351\">Velocidad de detecci\u00f3n<\/td>\n<td width=\"224\">0,3- 3,0 m\/s<\/td>\n<\/tr>\n<tr>\n<td width=\"351\">\u00c1ngulo de cobertura<\/td>\n<td width=\"224\">85 grados<\/td>\n<\/tr>\n<tr>\n<td width=\"351\">Zonas de detecci\u00f3n<\/td>\n<td width=\"224\">60<\/td>\n<\/tr>\n<tr>\n<td width=\"351\">Planos de detecci\u00f3n<\/td>\n<td width=\"224\">7<\/td>\n<\/tr>\n<tr>\n<td width=\"351\">Protecci\u00f3n de zona bajo el detector (zona de fluencia)<\/td>\n<td width=\"224\">S\u00ed<\/td>\n<\/tr>\n<tr>\n<td width=\"351\">Filtro de luz blanca<\/td>\n<td width=\"224\">6500 Lux<\/td>\n<\/tr>\n<tr>\n<td width=\"351\">Protecci\u00f3n<\/td>\n<td width=\"224\">De tres dimensiones<\/td>\n<\/tr>\n<tr>\n<td width=\"351\">Lente<\/td>\n<td width=\"224\">Filtro de luz ultravioleta<\/td>\n<\/tr>\n<tr>\n<td width=\"351\">\u00d3ptica<\/td>\n<td width=\"224\">\u00d3ptica sellada<\/td>\n<\/tr>\n<tr>\n<td width=\"351\">M\u00e9todo de detecci\u00f3n<\/td>\n<td width=\"224\">Sensor piroel\u00e9ctrico de doble elemento y bajo ruido<\/td>\n<\/tr>\n<\/tbody>\n<\/table>\n<h4><strong>Montaje<\/strong><\/h4>\n<table width=\"0\">\n<tbody>\n<tr>\n<td width=\"351\">Montaje en pared<\/td>\n<td width=\"224\">Soporte incluido<\/td>\n<\/tr>\n<tr>\n<td width=\"351\">Montaje en el techo<\/td>\n<td width=\"224\">Soporte incluido<\/td>\n<\/tr>\n<tr>\n<td width=\"351\">Altura \u00f3ptima de cobertura<\/td>\n<td width=\"224\">1.8 &#8211; 2.4m<\/td>\n<\/tr>\n<tr>\n<td width=\"351\">Altura de montaje certificada<\/td>\n<td width=\"224\">2.4m<\/td>\n<\/tr>\n<tr>\n<td width=\"351\"><strong><em>Caracter\u00edsticas de operaci\u00f3n<\/em><\/strong><\/td>\n<td width=\"224\"><\/td>\n<\/tr>\n<tr>\n<td width=\"351\">Temperatura de almacenamiento<\/td>\n<td width=\"224\">-40 \u00b0C a +80 \u00b0C<\/td>\n<\/tr>\n<tr>\n<td width=\"351\">Temperatura de funcionamiento certificada<\/td>\n<td width=\"224\">-10 \u00b0C a 40 \u00b0C<\/td>\n<\/tr>\n<tr>\n<td width=\"351\">Temperatura de funcionamiento nominal<\/td>\n<td width=\"224\">-30 \u00b0C a 70 \u00b0C<\/td>\n<\/tr>\n<tr>\n<td width=\"351\">Dimensiones f\u00edsicas (alto x ancho x profundidad)<\/td>\n<td width=\"224\">117 x 69 x 50mm<\/td>\n<\/tr>\n<tr>\n<td width=\"351\">Peso<\/td>\n<td width=\"224\">125g sin soporte<\/td>\n<\/tr>\n<\/tbody>\n<\/table>\n<h4><strong>Alimentaci\u00f3n el\u00e9ctrica<\/strong><\/h4>\n<table width=\"0\">\n<tbody>\n<tr>\n<td width=\"351\">Voltaje de funcionamiento<\/td>\n<td width=\"224\">9-16 V CC; 13,8 V CC habitualmente<\/td>\n<\/tr>\n<tr>\n<td width=\"351\">Consumo de corriente est\u00e1tica<\/td>\n<td width=\"224\">13 mA a 12 V (m\u00edn.), 16 mA a 12 V (m\u00e1x.)<\/td>\n<\/tr>\n<tr>\n<td width=\"351\">Resistencia de contacto<\/td>\n<td width=\"224\">&lt;10 ohmios<\/td>\n<\/tr>\n<tr>\n<td width=\"351\">Salidas de rel\u00e9<\/td>\n<td width=\"224\">50 mA, 60 V CC, 42 V CA (RMS)<\/td>\n<\/tr>\n<tr>\n<td width=\"351\">Interruptor de seguridad<\/td>\n<td width=\"224\">12V 50mA<\/td>\n<\/tr>\n<\/tbody>\n<\/table>\n<h4><strong>Certificaciones y garant\u00eda<\/strong><\/h4>\n<table width=\"0\">\n<tbody>\n<tr>\n<td width=\"351\">Conformidad el\u00e9ctrica<\/td>\n<td width=\"224\">CE<\/td>\n<\/tr>\n<tr>\n<td width=\"351\">Certificado EN<\/td>\n<td width=\"224\">EN50131-2-2:2008 | EN50130-4:2011 | EN50130-5:2011 | PD6662:2010<\/td>\n<\/tr>\n<tr>\n<td width=\"351\">Tipo de certificaci\u00f3n<\/td>\n<td width=\"224\">IMQ<\/td>\n<\/tr>\n<tr>\n<td width=\"351\">N\u00famero de certificado<\/td>\n<td width=\"224\">CA12.01171<\/td>\n<\/tr>\n<tr>\n<td width=\"351\">Clase medioambiental<\/td>\n<td width=\"224\">II<\/td>\n<\/tr>\n<tr>\n<td width=\"351\">Garant\u00eda<\/td>\n<td width=\"224\">5 a\u00f1os<\/td>\n<\/tr>\n<tr>\n<td width=\"351\">Grado de seguridad<\/td>\n<td width=\"224\">Grado 2<\/td>\n<\/tr>\n<\/tbody>\n<\/table>\n","protected":false},"excerpt":{"rendered":"<p>Sensor piroel\u00e9ctrico dual Cobertura de detecci\u00f3n volum\u00e9trica de 15 m Resistencias seleccionables EOL (fin de l\u00ednea) Tecnolog\u00eda Blue Wave Funci\u00f3n&hellip;<\/p>\n","protected":false},"featured_media":8931,"template":"","meta":[],"product_brand":[],"product_cat":[187,189],"product_tag":[],"class_list":{"0":"post-9492","1":"product","2":"type-product","3":"status-publish","4":"has-post-thumbnail","6":"product_cat-alarm-sensors","7":"product_cat-indoor-sensors","9":"first","10":"instock","11":"product-type-simple","12":"thumb-no-effect","13":"prod-rating-off"},"aioseo_notices":[],"_links":{"self":[{"href":"https:\/\/roma.com.uy\/en\/wp-json\/wp\/v2\/product\/9492","targetHints":{"allow":["GET"]}}],"collection":[{"href":"https:\/\/roma.com.uy\/en\/wp-json\/wp\/v2\/product"}],"about":[{"href":"https:\/\/roma.com.uy\/en\/wp-json\/wp\/v2\/types\/product"}],"wp:featuredmedia":[{"embeddable":true,"href":"https:\/\/roma.com.uy\/en\/wp-json\/wp\/v2\/media\/8931"}],"wp:attachment":[{"href":"https:\/\/roma.com.uy\/en\/wp-json\/wp\/v2\/media?parent=9492"}],"wp:term":[{"taxonomy":"product_brand","embeddable":true,"href":"https:\/\/roma.com.uy\/en\/wp-json\/wp\/v2\/product_brand?post=9492"},{"taxonomy":"product_cat","embeddable":true,"href":"https:\/\/roma.com.uy\/en\/wp-json\/wp\/v2\/product_cat?post=9492"},{"taxonomy":"product_tag","embeddable":true,"href":"https:\/\/roma.com.uy\/en\/wp-json\/wp\/v2\/product_tag?post=9492"}],"curies":[{"name":"wp","href":"https:\/\/api.w.org\/{rel}","templated":true}]}}