{"id":9479,"date":"2021-07-08T11:23:42","date_gmt":"2021-07-08T14:23:42","guid":{"rendered":"https:\/\/roma.com.uy\/producto\/uvps8100-equipo-de-desinfeccion-portatil\/"},"modified":"2021-07-08T11:23:42","modified_gmt":"2021-07-08T14:23:42","slug":"uvps8100-equipo-de-desinfeccion-portatil","status":"publish","type":"product","link":"https:\/\/roma.com.uy\/en\/producto\/uvps8100-equipo-de-desinfeccion-portatil\/","title":{"rendered":"UVPS8100: Equipo de desinfecci\u00f3n port\u00e1til"},"content":{"rendered":"","protected":false},"excerpt":{"rendered":"<p>Equipo port\u00e1til de desinfecci\u00f3n con luces UV Ratio de desinfecci\u00f3n de 99.9% en 10 minutos Temporizador de 0-120 minutos 2&hellip;<\/p>\n","protected":false},"featured_media":0,"template":"","meta":[],"product_brand":[],"product_cat":[183,180],"product_tag":[],"class_list":{"0":"post-9479","1":"product","2":"type-product","3":"status-publish","5":"product_cat-surface-desinfection-systems","6":"product_cat-uv-lights","8":"first","9":"instock","10":"product-type-simple","11":"thumb-no-effect","12":"prod-rating-off"},"aioseo_notices":[],"_links":{"self":[{"href":"https:\/\/roma.com.uy\/en\/wp-json\/wp\/v2\/product\/9479","targetHints":{"allow":["GET"]}}],"collection":[{"href":"https:\/\/roma.com.uy\/en\/wp-json\/wp\/v2\/product"}],"about":[{"href":"https:\/\/roma.com.uy\/en\/wp-json\/wp\/v2\/types\/product"}],"wp:attachment":[{"href":"https:\/\/roma.com.uy\/en\/wp-json\/wp\/v2\/media?parent=9479"}],"wp:term":[{"taxonomy":"product_brand","embeddable":true,"href":"https:\/\/roma.com.uy\/en\/wp-json\/wp\/v2\/product_brand?post=9479"},{"taxonomy":"product_cat","embeddable":true,"href":"https:\/\/roma.com.uy\/en\/wp-json\/wp\/v2\/product_cat?post=9479"},{"taxonomy":"product_tag","embeddable":true,"href":"https:\/\/roma.com.uy\/en\/wp-json\/wp\/v2\/product_tag?post=9479"}],"curies":[{"name":"wp","href":"https:\/\/api.w.org\/{rel}","templated":true}]}}