{"id":9477,"date":"2021-07-08T11:23:42","date_gmt":"2021-07-08T14:23:42","guid":{"rendered":"https:\/\/roma.com.uy\/producto\/uvps6000-equipo-esterilizador-con-luces-uvc\/"},"modified":"2021-07-08T11:23:42","modified_gmt":"2021-07-08T14:23:42","slug":"uvps6000-equipo-esterilizador-con-luces-uvc","status":"publish","type":"product","link":"https:\/\/roma.com.uy\/en\/producto\/uvps6000-equipo-esterilizador-con-luces-uvc\/","title":{"rendered":"UVPS6000: Equipo esterilizador con luces UVC"},"content":{"rendered":"","protected":false},"excerpt":{"rendered":"<p>Aplicaciones: Comida, bebida, empaques, billetes, documentos, m\u00e1scaras N95, etc Caracter\u00edsticas Compuesto por X l\u00e1mparas UV de 40W con radiaci\u00f3n uniforme&hellip;<\/p>\n","protected":false},"featured_media":8948,"template":"","meta":[],"product_brand":[],"product_cat":[181,180],"product_tag":[],"class_list":{"0":"post-9477","1":"product","2":"type-product","3":"status-publish","4":"has-post-thumbnail","6":"product_cat-equipment-disinfection-systems","7":"product_cat-uv-lights","9":"first","10":"instock","11":"product-type-simple","12":"thumb-no-effect","13":"prod-rating-off"},"aioseo_notices":[],"_links":{"self":[{"href":"https:\/\/roma.com.uy\/en\/wp-json\/wp\/v2\/product\/9477","targetHints":{"allow":["GET"]}}],"collection":[{"href":"https:\/\/roma.com.uy\/en\/wp-json\/wp\/v2\/product"}],"about":[{"href":"https:\/\/roma.com.uy\/en\/wp-json\/wp\/v2\/types\/product"}],"wp:featuredmedia":[{"embeddable":true,"href":"https:\/\/roma.com.uy\/en\/wp-json\/wp\/v2\/media\/8948"}],"wp:attachment":[{"href":"https:\/\/roma.com.uy\/en\/wp-json\/wp\/v2\/media?parent=9477"}],"wp:term":[{"taxonomy":"product_brand","embeddable":true,"href":"https:\/\/roma.com.uy\/en\/wp-json\/wp\/v2\/product_brand?post=9477"},{"taxonomy":"product_cat","embeddable":true,"href":"https:\/\/roma.com.uy\/en\/wp-json\/wp\/v2\/product_cat?post=9477"},{"taxonomy":"product_tag","embeddable":true,"href":"https:\/\/roma.com.uy\/en\/wp-json\/wp\/v2\/product_tag?post=9477"}],"curies":[{"name":"wp","href":"https:\/\/api.w.org\/{rel}","templated":true}]}}